{"id":62,"date":"2019-07-28T10:01:14","date_gmt":"2019-07-28T08:01:14","guid":{"rendered":"https:\/\/autodeloviboki.com\/index.php\/contact\/"},"modified":"2025-09-30T19:22:08","modified_gmt":"2025-09-30T17:22:08","slug":"contact","status":"publish","type":"page","link":"https:\/\/autodeloviboki.com\/index.php\/contact\/","title":{"rendered":"KONTAKT"},"content":{"rendered":"<!--themify_builder_content-->\n<div id=\"themify_builder_content-62\" data-postid=\"62\" class=\"themify_builder_content themify_builder_content-62 themify_builder tf_clear\">\n                    <div  data-css_id=\"9xkm62\" data-lazy=\"1\" class=\"module_row themify_builder_row fullwidth_row_container tb_9xkm62 tb_first tf_w\">\n            <span  class=\"builder_row_cover tf_abs\" data-lazy=\"1\"><\/span><span class=\"tb_row_frame_wrap tf_overflow tf_abs\" data-lazy=\"1\"><span class=\"tb_row_frame tb_row_frame_bottom  tf_abs tf_hide tf_overflow tf_w\"><\/span><\/span>            <div class=\"row_inner col_align_top tb_col_count_1 tf_box tf_rel\">\n                        <div  data-lazy=\"1\" class=\"module_column tb-column col-full tb_dxak63 first\">\n                            <div  data-lazy=\"1\" class=\"module_subrow themify_builder_sub_row tf_w col_align_middle tb_col_count_2 tb_9cg5880\">\n                <div  data-lazy=\"1\" class=\"module_column sub_column col4-2 tb_8c7t880 first\">\n                    <!-- module text -->\n<div  class=\"module module-text tb_b9sd781   \" data-lazy=\"1\">\n        <div  class=\"tb_text_wrap\">\n        <h1 style=\"text-align: center;\">Kako mo\u017eemo da vam pomognemo?<\/h1>    <\/div>\n<\/div>\n<!-- \/module text -->        <\/div>\n                    <div  data-lazy=\"1\" class=\"module_column sub_column col4-2 tb_fds4880 last\">\n                    <!-- module image -->\n<div  class=\"module module-image tb_rp5z945 image-top rounded  tf_mw\" data-lazy=\"1\">\n        <div class=\"image-wrap tf_rel tf_mw\">\n            <img loading=\"lazy\" decoding=\"async\" width=\"2560\" height=\"1707\" src=\"https:\/\/autodeloviboki.com\/wp-content\/uploads\/2025\/09\/kevin-bhagat-10tOJa4APL8-unsplash-scaled.jpg\" class=\"wp-post-image wp-image-185\" title=\"kevin-bhagat-10tOJa4APL8-unsplash\" alt=\"kevin-bhagat-10tOJa4APL8-unsplash\" srcset=\"https:\/\/autodeloviboki.com\/wp-content\/uploads\/2025\/09\/kevin-bhagat-10tOJa4APL8-unsplash-scaled.jpg 2560w, https:\/\/autodeloviboki.com\/wp-content\/uploads\/2025\/09\/kevin-bhagat-10tOJa4APL8-unsplash-300x200.jpg 300w, https:\/\/autodeloviboki.com\/wp-content\/uploads\/2025\/09\/kevin-bhagat-10tOJa4APL8-unsplash-1024x683.jpg 1024w, https:\/\/autodeloviboki.com\/wp-content\/uploads\/2025\/09\/kevin-bhagat-10tOJa4APL8-unsplash-768x512.jpg 768w, https:\/\/autodeloviboki.com\/wp-content\/uploads\/2025\/09\/kevin-bhagat-10tOJa4APL8-unsplash-1536x1024.jpg 1536w, https:\/\/autodeloviboki.com\/wp-content\/uploads\/2025\/09\/kevin-bhagat-10tOJa4APL8-unsplash-2048x1365.jpg 2048w, https:\/\/autodeloviboki.com\/wp-content\/uploads\/2025\/09\/kevin-bhagat-10tOJa4APL8-unsplash-1024x683-555x370.jpg 555w\" sizes=\"auto, (max-width: 2560px) 100vw, 2560px\" \/>    \n        <\/div>\n    <!-- \/image-wrap -->\n    \n        <\/div>\n<!-- \/module image -->        <\/div>\n                    <\/div>\n                <\/div>\n                        <\/div>\n        <\/div>\n                        <div  data-lazy=\"1\" class=\"module_row themify_builder_row tb_fxn1363 tf_w\">\n                        <div class=\"row_inner col_align_middle gutter-none tb_col_count_2 tf_box tf_rel\">\n                        <div  data-lazy=\"1\" class=\"module_column tb-column col4-2 tb_iwb6363 first\">\n                    <!-- module text -->\n<div  class=\"module module-text tb_5aod363   \" data-lazy=\"1\">\n        <div  class=\"tb_text_wrap\">\n        <h3>KAKO DO NAS?<\/h3>\n<p>Veliki izbor originalnih autodelova za va\u0161 Mercedes dostupan je odmah na na\u0161oj adresi!<\/p>    <\/div>\n<\/div>\n<!-- \/module text --><!-- module icon -->\n<div  class=\"module module-icon tb_dtzw363  large  icon_vertical \" data-lazy=\"1\">\n\t\t\t<div class=\"module-icon-item\">\n\t\t\t\t\t\t\t\t\t\t\t\t\t\t\t\t<em class=\"tf_box\"\n\t\t\t\t\t\t\t\t\t\t\t\t\t\t\t\t\t><svg  class=\"tf_fa tf-fas-location-arrow\" aria-hidden=\"true\"><use href=\"#tf-fas-location-arrow\"><\/use><\/svg><\/em>\n\t\t\t\t\t\t\t\t\t\t\t\t\t\t\t\t\t\t\t<span>  Blagoja Parovi\u0107a17 Beograd<\/span>\n\t\t\t\t\t\t\t\t\t\t\t\t\t\t\t<\/div>\n\t\t\t<div class=\"module-icon-item\">\n\t\t\t\t\t\t\t\t\t\t\t\t\t\t\t\t<em class=\"tf_box\"\n\t\t\t\t\t\t\t\t\t\t\t\t\t\t\t\t\t><svg  class=\"tf_fa tf-fas-clock\" aria-hidden=\"true\"><use href=\"#tf-fas-clock\"><\/use><\/svg><\/em>\n\t\t\t\t\t\t\t\t\t\t\t\t\t\t\t\t\t\t\t<span>Radnim danima 09:00 \u2013 16:00<\/span>\n\t\t\t\t\t\t\t\t\t\t\t\t\t\t\t<\/div>\n\t\t\t<div class=\"module-icon-item\">\n\t\t\t\t\t\t\t\t\t\t\t\t\t\t\t\t<em class=\"tf_box\"\n\t\t\t\t\t\t\t\t\t\t\t\t\t\t\t\t\t><svg  class=\"tf_fa tf-fas-phone-alt\" aria-hidden=\"true\"><use href=\"#tf-fas-phone-alt\"><\/use><\/svg><\/em>\n\t\t\t\t\t\t\t\t\t\t\t\t\t\t\t\t\t\t\t<span>011\/2544-857<\/span>\n\t\t\t\t\t\t\t\t\t\t\t\t\t\t\t<\/div>\n\t<\/div>\n<!-- \/module icon -->\n        <\/div>\n                    <div  data-lazy=\"1\" class=\"module_column tb-column col4-2 tb_2quc363 last\">\n                    <!-- module plain text -->\n<div  class=\"module module-plain-text tb_wgy4363 \" data-lazy=\"1\">\n        <div class=\"tb_text_wrap\">\n    <iframe src=\"https:\/\/www.google.com\/maps\/embed?pb=!1m18!1m12!1m3!1d2832.4372727686405!2d20.41463247508264!3d44.77188997936551!2m3!1f0!2f0!3f0!3m2!1i1024!2i768!4f13.1!3m3!1m2!1s0x475a71d614a9e049%3A0x5bda061c89220352!2sBoki%20doo%20mercedes%20novi%20autodelovi!5e0!3m2!1ssr!2srs!4v1758128750530!5m2!1ssr!2srs\" width=\"600\" height=\"450\" style=\"border:0;\" allowfullscreen=\"\" loading=\"lazy\" referrerpolicy=\"no-referrer-when-downgrade\"><\/iframe>    <\/div>\n<\/div>\n<!-- \/module plain text -->        <\/div>\n                        <\/div>\n        <\/div>\n                        <div  data-anchor=\"form\" data-css_id=\"pef0139\" data-lazy=\"1\" class=\"module_row themify_builder_row fullwidth_row_container tb_has_section tb_section-form tb_pef0139 tf_w\">\n            <span  class=\"builder_row_cover tf_abs\" data-lazy=\"1\"><\/span>            <div class=\"row_inner col_align_top tb_col_count_1 tf_box tf_rel\">\n                        <div  data-lazy=\"1\" class=\"module_column tb-column col-full tb_y4jc139 first\">\n                    <!-- module fancy heading -->\n<div  class=\"module module-fancy-heading tb_28aw139 \" data-lazy=\"1\">\n        <h3 class=\"fancy-heading tf_textc\">\n    <span class=\"main-head tf_block\">\n                    PO\u0160ALJITE NAM UPIT            <\/span>\n\n    \n    <span class=\"sub-head tf_block tf_rel\">\n                                <\/span>\n    <\/h3>\n<\/div>\n<!-- \/module fancy heading -->\n<!-- module contact -->\n<div  id=\"tb_2e8j139\" class=\"module module-contact tb_2e8j139 contact-style2 \" data-lazy=\"1\">\n    \n\t<form class=\"builder-contact\"\n\t\tid=\"tb_2e8j139-form\"\n\t\tmethod=\"post\"\n\t\tdata-post-id=\"62\"\n\t\tdata-element-id=\"2e8j139\"\n\t\tdata-orig-id=\"62\"\n\t>\n    <div class=\"contact-message\"><\/div>\n\t<div class=\"builder-contact-fields tf_rel\">\n\t\t    \t\t    <div class=\"builder-contact-field builder-contact-field-name builder-contact-text-field\">\n\t\t\t    <label class=\"control-label\" for=\"tb_2e8j139-contact-name\">\n\t\t\t\t\t\t\t\t\t\t<span class=\"tb-label-span\">IME I PREZIME <\/span><span class=\"required\">*<\/span>\t\t\t\t<\/label>\n\t\t\t    <div class=\"control-input tf_rel\">\n\t\t\t\t    \t\t\t\t\t    <input type=\"text\" name=\"contact-name\" placeholder=\"\" id=\"tb_2e8j139-contact-name\" value=\"\" class=\"form-control\" required>\n\t\t\t\t    \t\t\t\t    \t\t\t    <\/div>\n\t\t<\/div>\n\t    \n\t\t    \t\t    <div class=\"builder-contact-field builder-contact-field-email builder-contact-text-field\">\n\t\t\t    <label class=\"control-label\" for=\"tb_2e8j139-contact-email\">\n\t\t\t\t\t\t\t\t\t\t<span class=\"tb-label-span\">Email <\/span><span class=\"required\">*<\/span>\t\t\t\t<\/label>\n\t\t\t    <div class=\"control-input tf_rel\">\n\t\t\t\t    \t\t\t\t\t    <input type=\"email\" name=\"contact-email\" placeholder=\"\" id=\"tb_2e8j139-contact-email\" value=\"\" class=\"form-control\" required>\n\t\t\t\t    \t\t\t\t    \t\t\t    <\/div>\n\t\t<\/div>\n\t    \n\t\t    \t\t    <div class=\"builder-contact-field builder-contact-field-message builder-contact-textarea-field\">\n\t\t\t    <label class=\"control-label\" for=\"tb_2e8j139-contact-message\">\n\t\t\t\t\t\t\t\t\t\t<span class=\"tb-label-span\">KAKO VAM MO\u017dEMO POMO\u0106I? <\/span>\t\t\t\t<\/label>\n\t\t\t    <div class=\"control-input tf_rel\">\n\t\t\t\t    \t\t\t\t\t    <textarea name=\"contact-message\" placeholder=\"KATALO\u0160KI BROJ DELA \/ NAPOMENA\" id=\"tb_2e8j139-contact-message\" class=\"form-control\"><\/textarea>\n\t\t\t\t    \t\t\t\t    \t\t\t    <\/div>\n\t\t<\/div>\n\t    \n\t\t    \t\t\n\t\t\n\t    \n\t    <div class=\"builder-contact-field builder-contact-field-send control-input tf_textc tf_clear tf_rel\">\n\t\t\t<button type=\"submit\" class=\"btn btn-primary\">\n\t\t\t\t<span class=\"tf_loader\"><\/span>\t\t\t\t<span class=\"tf_submit_icon\"><\/span> \n\t\t\t\tPO\u0160ALJI\t\t\t<\/button>\n\t    <\/div>\n\t<\/div>\n    <\/form>\n    <\/div>\n<!-- \/module contact -->\n        <\/div>\n                        <\/div>\n        <\/div>\n        <\/div>\n<!--\/themify_builder_content-->","protected":false},"excerpt":{"rendered":"<p>Kako mo\u017eemo da vam pomognemo?<\/p>\n","protected":false},"author":1,"featured_media":0,"parent":0,"menu_order":0,"comment_status":"closed","ping_status":"closed","template":"","meta":{"footnotes":""},"class_list":["post-62","page","type-page","status-publish","hentry","has-post-title","has-post-date","has-post-category","has-post-tag","has-post-comment","has-post-author",""],"yoast_head":"<!-- This site is optimized with the Yoast SEO plugin v26.0 - https:\/\/yoast.com\/wordpress\/plugins\/seo\/ -->\n<title>AUTODELOVI BOKI | KONTAKT<\/title>\n<meta name=\"description\" content=\"Veliki izbor originalnih autodelova za va\u0161 Mercedes dostupan je odmah na na\u0161oj adresi! Blagoja Parovi\u0107a 17 | 09:00 \u2013 16:00 | 011\/2544-857\" \/>\n<meta name=\"robots\" content=\"index, follow, max-snippet:-1, max-image-preview:large, max-video-preview:-1\" \/>\n<link rel=\"canonical\" href=\"https:\/\/autodeloviboki.com\/index.php\/contact\/\" \/>\n<meta property=\"og:locale\" content=\"sr_RS\" \/>\n<meta property=\"og:type\" content=\"article\" \/>\n<meta property=\"og:title\" content=\"AUTODELOVI BOKI | KONTAKT\" \/>\n<meta property=\"og:description\" content=\"Veliki izbor originalnih autodelova za va\u0161 Mercedes dostupan je odmah na na\u0161oj adresi! Blagoja Parovi\u0107a 17 | 09:00 \u2013 16:00 | 011\/2544-857\" \/>\n<meta property=\"og:url\" content=\"https:\/\/autodeloviboki.com\/index.php\/contact\/\" \/>\n<meta property=\"og:site_name\" content=\"Auto delovi Boki\" \/>\n<meta property=\"article:publisher\" content=\"https:\/\/m.facebook.com\/autodelovibokimercedes\/\" \/>\n<meta property=\"article:modified_time\" content=\"2025-09-30T17:22:08+00:00\" \/>\n<meta property=\"og:image\" content=\"https:\/\/autodeloviboki.com\/wp-content\/uploads\/2025\/09\/kevin-bhagat-10tOJa4APL8-unsplash-scaled.jpg\" \/>\n<meta name=\"twitter:card\" content=\"summary_large_image\" \/>\n<meta name=\"twitter:label1\" content=\"Procenjeno vreme \u010ditanja\" \/>\n\t<meta name=\"twitter:data1\" content=\"1 minut\" \/>\n<script type=\"application\/ld+json\" class=\"yoast-schema-graph\">{\"@context\":\"https:\/\/schema.org\",\"@graph\":[{\"@type\":\"WebPage\",\"@id\":\"https:\/\/autodeloviboki.com\/index.php\/contact\/\",\"url\":\"https:\/\/autodeloviboki.com\/index.php\/contact\/\",\"name\":\"AUTODELOVI BOKI | KONTAKT\",\"isPartOf\":{\"@id\":\"https:\/\/autodeloviboki.com\/#website\"},\"primaryImageOfPage\":{\"@id\":\"https:\/\/autodeloviboki.com\/index.php\/contact\/#primaryimage\"},\"image\":{\"@id\":\"https:\/\/autodeloviboki.com\/index.php\/contact\/#primaryimage\"},\"thumbnailUrl\":\"https:\/\/autodeloviboki.com\/wp-content\/uploads\/2025\/09\/kevin-bhagat-10tOJa4APL8-unsplash-scaled.jpg\",\"datePublished\":\"2019-07-28T08:01:14+00:00\",\"dateModified\":\"2025-09-30T17:22:08+00:00\",\"description\":\"Veliki izbor originalnih autodelova za va\u0161 Mercedes dostupan je odmah na na\u0161oj adresi! Blagoja Parovi\u0107a 17 | 09:00 \u2013 16:00 | 011\/2544-857\",\"breadcrumb\":{\"@id\":\"https:\/\/autodeloviboki.com\/index.php\/contact\/#breadcrumb\"},\"inLanguage\":\"sr-RS\",\"potentialAction\":[{\"@type\":\"ReadAction\",\"target\":[\"https:\/\/autodeloviboki.com\/index.php\/contact\/\"]}]},{\"@type\":\"ImageObject\",\"inLanguage\":\"sr-RS\",\"@id\":\"https:\/\/autodeloviboki.com\/index.php\/contact\/#primaryimage\",\"url\":\"https:\/\/autodeloviboki.com\/wp-content\/uploads\/2025\/09\/kevin-bhagat-10tOJa4APL8-unsplash-scaled.jpg\",\"contentUrl\":\"https:\/\/autodeloviboki.com\/wp-content\/uploads\/2025\/09\/kevin-bhagat-10tOJa4APL8-unsplash-scaled.jpg\",\"width\":2560,\"height\":1707},{\"@type\":\"BreadcrumbList\",\"@id\":\"https:\/\/autodeloviboki.com\/index.php\/contact\/#breadcrumb\",\"itemListElement\":[{\"@type\":\"ListItem\",\"position\":1,\"name\":\"Po\u010detna\",\"item\":\"https:\/\/autodeloviboki.com\/\"},{\"@type\":\"ListItem\",\"position\":2,\"name\":\"KONTAKT\"}]},{\"@type\":\"WebSite\",\"@id\":\"https:\/\/autodeloviboki.com\/#website\",\"url\":\"https:\/\/autodeloviboki.com\/\",\"name\":\"Autodelovi Boki - Mercedes Benz delovi\",\"description\":\"SVE ZA VA\u0160 MERCEDES NA JEDNOM MESTU!\",\"publisher\":{\"@id\":\"https:\/\/autodeloviboki.com\/#organization\"},\"alternateName\":\"Autodelovi Boki - Mercedes Benz delovi\",\"potentialAction\":[{\"@type\":\"SearchAction\",\"target\":{\"@type\":\"EntryPoint\",\"urlTemplate\":\"https:\/\/autodeloviboki.com\/?s={search_term_string}\"},\"query-input\":{\"@type\":\"PropertyValueSpecification\",\"valueRequired\":true,\"valueName\":\"search_term_string\"}}],\"inLanguage\":\"sr-RS\"},{\"@type\":\"Organization\",\"@id\":\"https:\/\/autodeloviboki.com\/#organization\",\"name\":\"BOKI DOO\",\"alternateName\":\"Autodelovi Boki\",\"url\":\"https:\/\/autodeloviboki.com\/\",\"logo\":{\"@type\":\"ImageObject\",\"inLanguage\":\"sr-RS\",\"@id\":\"https:\/\/autodeloviboki.com\/#\/schema\/logo\/image\/\",\"url\":\"https:\/\/autodeloviboki.com\/wp-content\/uploads\/2025\/09\/boki-logo-final-1.png\",\"contentUrl\":\"https:\/\/autodeloviboki.com\/wp-content\/uploads\/2025\/09\/boki-logo-final-1.png\",\"width\":256,\"height\":267,\"caption\":\"BOKI DOO\"},\"image\":{\"@id\":\"https:\/\/autodeloviboki.com\/#\/schema\/logo\/image\/\"},\"sameAs\":[\"https:\/\/m.facebook.com\/autodelovibokimercedes\/\"]}]}<\/script>\n<!-- \/ Yoast SEO plugin. -->","yoast_head_json":{"title":"AUTODELOVI BOKI | KONTAKT","description":"Veliki izbor originalnih autodelova za va\u0161 Mercedes dostupan je odmah na na\u0161oj adresi! Blagoja Parovi\u0107a 17 | 09:00 \u2013 16:00 | 011\/2544-857","robots":{"index":"index","follow":"follow","max-snippet":"max-snippet:-1","max-image-preview":"max-image-preview:large","max-video-preview":"max-video-preview:-1"},"canonical":"https:\/\/autodeloviboki.com\/index.php\/contact\/","og_locale":"sr_RS","og_type":"article","og_title":"AUTODELOVI BOKI | KONTAKT","og_description":"Veliki izbor originalnih autodelova za va\u0161 Mercedes dostupan je odmah na na\u0161oj adresi! Blagoja Parovi\u0107a 17 | 09:00 \u2013 16:00 | 011\/2544-857","og_url":"https:\/\/autodeloviboki.com\/index.php\/contact\/","og_site_name":"Auto delovi Boki","article_publisher":"https:\/\/m.facebook.com\/autodelovibokimercedes\/","article_modified_time":"2025-09-30T17:22:08+00:00","og_image":[{"url":"https:\/\/autodeloviboki.com\/wp-content\/uploads\/2025\/09\/kevin-bhagat-10tOJa4APL8-unsplash-scaled.jpg","type":"","width":"","height":""}],"twitter_card":"summary_large_image","twitter_misc":{"Procenjeno vreme \u010ditanja":"1 minut"},"schema":{"@context":"https:\/\/schema.org","@graph":[{"@type":"WebPage","@id":"https:\/\/autodeloviboki.com\/index.php\/contact\/","url":"https:\/\/autodeloviboki.com\/index.php\/contact\/","name":"AUTODELOVI BOKI | KONTAKT","isPartOf":{"@id":"https:\/\/autodeloviboki.com\/#website"},"primaryImageOfPage":{"@id":"https:\/\/autodeloviboki.com\/index.php\/contact\/#primaryimage"},"image":{"@id":"https:\/\/autodeloviboki.com\/index.php\/contact\/#primaryimage"},"thumbnailUrl":"https:\/\/autodeloviboki.com\/wp-content\/uploads\/2025\/09\/kevin-bhagat-10tOJa4APL8-unsplash-scaled.jpg","datePublished":"2019-07-28T08:01:14+00:00","dateModified":"2025-09-30T17:22:08+00:00","description":"Veliki izbor originalnih autodelova za va\u0161 Mercedes dostupan je odmah na na\u0161oj adresi! Blagoja Parovi\u0107a 17 | 09:00 \u2013 16:00 | 011\/2544-857","breadcrumb":{"@id":"https:\/\/autodeloviboki.com\/index.php\/contact\/#breadcrumb"},"inLanguage":"sr-RS","potentialAction":[{"@type":"ReadAction","target":["https:\/\/autodeloviboki.com\/index.php\/contact\/"]}]},{"@type":"ImageObject","inLanguage":"sr-RS","@id":"https:\/\/autodeloviboki.com\/index.php\/contact\/#primaryimage","url":"https:\/\/autodeloviboki.com\/wp-content\/uploads\/2025\/09\/kevin-bhagat-10tOJa4APL8-unsplash-scaled.jpg","contentUrl":"https:\/\/autodeloviboki.com\/wp-content\/uploads\/2025\/09\/kevin-bhagat-10tOJa4APL8-unsplash-scaled.jpg","width":2560,"height":1707},{"@type":"BreadcrumbList","@id":"https:\/\/autodeloviboki.com\/index.php\/contact\/#breadcrumb","itemListElement":[{"@type":"ListItem","position":1,"name":"Po\u010detna","item":"https:\/\/autodeloviboki.com\/"},{"@type":"ListItem","position":2,"name":"KONTAKT"}]},{"@type":"WebSite","@id":"https:\/\/autodeloviboki.com\/#website","url":"https:\/\/autodeloviboki.com\/","name":"Autodelovi Boki - Mercedes Benz delovi","description":"SVE ZA VA\u0160 MERCEDES NA JEDNOM MESTU!","publisher":{"@id":"https:\/\/autodeloviboki.com\/#organization"},"alternateName":"Autodelovi Boki - Mercedes Benz delovi","potentialAction":[{"@type":"SearchAction","target":{"@type":"EntryPoint","urlTemplate":"https:\/\/autodeloviboki.com\/?s={search_term_string}"},"query-input":{"@type":"PropertyValueSpecification","valueRequired":true,"valueName":"search_term_string"}}],"inLanguage":"sr-RS"},{"@type":"Organization","@id":"https:\/\/autodeloviboki.com\/#organization","name":"BOKI DOO","alternateName":"Autodelovi Boki","url":"https:\/\/autodeloviboki.com\/","logo":{"@type":"ImageObject","inLanguage":"sr-RS","@id":"https:\/\/autodeloviboki.com\/#\/schema\/logo\/image\/","url":"https:\/\/autodeloviboki.com\/wp-content\/uploads\/2025\/09\/boki-logo-final-1.png","contentUrl":"https:\/\/autodeloviboki.com\/wp-content\/uploads\/2025\/09\/boki-logo-final-1.png","width":256,"height":267,"caption":"BOKI DOO"},"image":{"@id":"https:\/\/autodeloviboki.com\/#\/schema\/logo\/image\/"},"sameAs":["https:\/\/m.facebook.com\/autodelovibokimercedes\/"]}]}},"builder_content":"<h1 style=\"text-align: center;\">Kako mo\u017eemo da vam pomognemo?<\/h1>\n<img src=\"https:\/\/autodeloviboki.com\/wp-content\/uploads\/2025\/09\/kevin-bhagat-10tOJa4APL8-unsplash-scaled.jpg\" title=\"kevin-bhagat-10tOJa4APL8-unsplash\" alt=\"kevin-bhagat-10tOJa4APL8-unsplash\" srcset=\"https:\/\/autodeloviboki.com\/wp-content\/uploads\/2025\/09\/kevin-bhagat-10tOJa4APL8-unsplash-scaled.jpg 2560w, https:\/\/autodeloviboki.com\/wp-content\/uploads\/2025\/09\/kevin-bhagat-10tOJa4APL8-unsplash-300x200.jpg 300w, https:\/\/autodeloviboki.com\/wp-content\/uploads\/2025\/09\/kevin-bhagat-10tOJa4APL8-unsplash-1024x683.jpg 1024w, https:\/\/autodeloviboki.com\/wp-content\/uploads\/2025\/09\/kevin-bhagat-10tOJa4APL8-unsplash-768x512.jpg 768w, https:\/\/autodeloviboki.com\/wp-content\/uploads\/2025\/09\/kevin-bhagat-10tOJa4APL8-unsplash-1536x1024.jpg 1536w, https:\/\/autodeloviboki.com\/wp-content\/uploads\/2025\/09\/kevin-bhagat-10tOJa4APL8-unsplash-2048x1365.jpg 2048w, https:\/\/autodeloviboki.com\/wp-content\/uploads\/2025\/09\/kevin-bhagat-10tOJa4APL8-unsplash-1024x683-555x370.jpg 555w\" sizes=\"(max-width: 2560px) 100vw, 2560px\" \/>\n<h3>KAKO DO NAS?<\/h3> <p>Veliki izbor originalnih autodelova za va\u0161 Mercedes dostupan je odmah na na\u0161oj adresi!<\/p>\n<em ><svg aria-hidden=\"true\"><use href=\"#tf-fas-location-arrow\"><\/use><\/svg><\/em> Blagoja Parovi\u0107a17 Beograd <em ><svg aria-hidden=\"true\"><use href=\"#tf-fas-clock\"><\/use><\/svg><\/em> Radnim danima 09:00 \u2013 16:00 <em ><svg aria-hidden=\"true\"><use href=\"#tf-fas-phone-alt\"><\/use><\/svg><\/em> 011\/2544-857\n<iframe src=\"https:\/\/www.google.com\/maps\/embed?pb=!1m18!1m12!1m3!1d2832.4372727686405!2d20.41463247508264!3d44.77188997936551!2m3!1f0!2f0!3f0!3m2!1i1024!2i768!4f13.1!3m3!1m2!1s0x475a71d614a9e049%3A0x5bda061c89220352!2sBoki%20doo%20mercedes%20novi%20autodelovi!5e0!3m2!1ssr!2srs!4v1758128750530!5m2!1ssr!2srs\" width=\"600\" height=\"450\" style=\"border:0;\" allowfullscreen=\"\" loading=\"lazy\" referrerpolicy=\"no-referrer-when-downgrade\"><\/iframe>\n<h3>PO\u0160ALJITE NAM UPIT<br\/><\/h3>\n<form id=\"tb_2e8j139-form\" method=\"post\" data-post-id=\"0\" data-element-id=\"2e8j139\" data-orig-id=\"62\" > <label for=\"tb_2e8j139-contact-name\"> IME I PREZIME * <\/label> <input type=\"text\" name=\"contact-name\" placeholder=\"\" id=\"tb_2e8j139-contact-name\" value=\"\" required> <label for=\"tb_2e8j139-contact-email\"> Email * <\/label> <input type=\"email\" name=\"contact-email\" placeholder=\"\" id=\"tb_2e8j139-contact-email\" value=\"\" required> <label for=\"tb_2e8j139-contact-message\"> KAKO VAM MO\u017dEMO POMO\u0106I? <\/label> <textarea name=\"contact-message\" placeholder=\"KATALO\u0160KI BROJ DELA \/ NAPOMENA\" id=\"tb_2e8j139-contact-message\"><\/textarea> <button type=\"submit\"> PO\u0160ALJI <\/button> <\/form>","_links":{"self":[{"href":"https:\/\/autodeloviboki.com\/index.php\/wp-json\/wp\/v2\/pages\/62","targetHints":{"allow":["GET"]}}],"collection":[{"href":"https:\/\/autodeloviboki.com\/index.php\/wp-json\/wp\/v2\/pages"}],"about":[{"href":"https:\/\/autodeloviboki.com\/index.php\/wp-json\/wp\/v2\/types\/page"}],"author":[{"embeddable":true,"href":"https:\/\/autodeloviboki.com\/index.php\/wp-json\/wp\/v2\/users\/1"}],"replies":[{"embeddable":true,"href":"https:\/\/autodeloviboki.com\/index.php\/wp-json\/wp\/v2\/comments?post=62"}],"version-history":[{"count":32,"href":"https:\/\/autodeloviboki.com\/index.php\/wp-json\/wp\/v2\/pages\/62\/revisions"}],"predecessor-version":[{"id":1188,"href":"https:\/\/autodeloviboki.com\/index.php\/wp-json\/wp\/v2\/pages\/62\/revisions\/1188"}],"wp:attachment":[{"href":"https:\/\/autodeloviboki.com\/index.php\/wp-json\/wp\/v2\/media?parent=62"}],"curies":[{"name":"wp","href":"https:\/\/api.w.org\/{rel}","templated":true}]}}